{"id":79494,"date":"2024-02-24T12:09:27","date_gmt":"2024-02-24T11:09:27","guid":{"rendered":"https:\/\/www.theduke.de\/?post_type=product&#038;p=79494"},"modified":"2024-02-24T12:13:12","modified_gmt":"2024-02-24T11:13:12","slug":"kite-kk6-2-12x50i-hd-kopie-3","status":"publish","type":"product","link":"https:\/\/www.theduke.de\/en\/produkt\/optics\/kite-kk6-2-12x50i-hd-kopie-3\/","title":{"rendered":"Meopta Optika6 1\u20136&#215;24 RD SFP"},"content":{"rendered":"<p>Das Modell Meopta Optika6 1-6&#215;24 eignet sich optimal f\u00fcr Wettk\u00e4mpfe auf mittlere Distanzen und f\u00fcr die Jagd.<\/p>\n<p>Der 1-fache Vergr\u00f6\u00dferungsbereich erm\u00f6glicht ein schnelles reflexartiges Schie\u00dfen, w\u00e4hrend die 6-fache Vergr\u00f6\u00dferung die m\u00fchelose Ausrichtung auf entfernte Ziele vereinfacht. Die Modelle mit zweiter Bildebene (Second Focal Plane, SFP) verf\u00fcgen \u00fcber abgedeckte Regler in Schritten von 0,5 MOA f\u00fcr die H\u00f6hen- und Seitenverstellung.<\/p>\n<p>Die Modelle mit zweiter Brennebene (Second Focal Plane, SFP) verf\u00fcgen \u00fcber abgedeckte Regler in Schritten von 0,5 MOA f\u00fcr die H\u00f6hen- und Seitenverstellung, w\u00e4hrend die Modelle mit erster Brennebene (First Focal Plane, FFP) freiliegende, feststellbare Regler besitzen, die eine schnelle Korrektur erm\u00f6glichen.<\/p>\n<p>RD Leuchtabsehen<\/p>\n<p>Die Meopta Zielfernrohre mit RD (Red Dot) Leuchtabsehen haben einen Leuchtpunkt, der \u00fcber einen Drehknopf in sieben Beleuchtungsst\u00e4rken eingestellt werden kann. Die Stufen reichen von ganz schwach bis Tageslichtbeleuchtung. Durch Zwischenstufen nach jeder Beleuchtungsstufe, die die Beleucht abschalten, wird die Batterie geschont und die gew\u00e4hlte Beleuchtungsst\u00e4rke schnell und sicher wieder eingestellt werden.<\/p>\n<p>K-Dot RD Leuchtabsehen<\/p>\n<p>Das mit einem Rotpunkt illuminierte K-Dot-Absehen verf\u00fcgt \u00fcber spezielle Haltepunkte f\u00fcr 300 yd \/ 274 m, 400 yd \/ 365 m, 500 yd \/ 457 m und 600 yd \/ 548 m f\u00fcr eine auf 100 yard bzw. 91 m eingeschossene Waffe mit Kaliber .223 \/ 5,56&#215;45 mm. Jeder Haltepunkt ist ein 2 MOA Kreis. Der Leuchtpunkt selbst ist 3 MOA gro\u00df.<\/p>\n<p>TECHNISCHE DATEN:<br \/>\nVergr\u00f6\u00dferung: 1\u20136x<br \/>\nObjektivdurchmesser: 24 mm<br \/>\nDurchmesser der Austrittspupille: 10 \u2013 4 mm<br \/>\nSehfeld (m\/100 m): 36,5-6,3<br \/>\nAbsehenebene: 2<br \/>\nDioptrienverstellbereich: -2,5 \/ 3,5 D<br \/>\nTransmission bei Tageslicht: 91%<br \/>\nTransmission bei D\u00e4mmerung: 88%<\/p>\n","protected":false},"excerpt":{"rendered":"<p>Das Modell Meopta Optika6 1-6&#215;24 eignet sich optimal f\u00fcr Wettk\u00e4mpfe auf mittlere Distanzen und f\u00fcr die Jagd. Der 1-fache Vergr\u00f6\u00dferungsbereich erm\u00f6glicht ein schnelles reflexartiges Schie\u00dfen, w\u00e4hrend die 6-fache Vergr\u00f6\u00dferung die m\u00fchelose Ausrichtung auf entfernte Ziele vereinfacht. Die Modelle mit zweiter Bildebene (Second Focal Plane, SFP) verf\u00fcgen \u00fcber abgedeckte Regler in Schritten von 0,5 MOA f\u00fcr [&hellip;]<\/p>\n","protected":false},"featured_media":79486,"template":"","meta":[],"product_cat":[1135],"product_tag":[3068],"class_list":{"0":"post-79494","1":"product","2":"type-product","3":"status-publish","4":"has-post-thumbnail","6":"product_cat-optics","7":"product_tag-meopta-en","9":"first","10":"instock","11":"sale","12":"taxable","13":"shipping-taxable","14":"purchasable","15":"product-type-simple"},"_links":{"self":[{"href":"https:\/\/www.theduke.de\/en\/wp-json\/wp\/v2\/product\/79494","targetHints":{"allow":["GET"]}}],"collection":[{"href":"https:\/\/www.theduke.de\/en\/wp-json\/wp\/v2\/product"}],"about":[{"href":"https:\/\/www.theduke.de\/en\/wp-json\/wp\/v2\/types\/product"}],"wp:featuredmedia":[{"embeddable":true,"href":"https:\/\/www.theduke.de\/en\/wp-json\/wp\/v2\/media\/79486"}],"wp:attachment":[{"href":"https:\/\/www.theduke.de\/en\/wp-json\/wp\/v2\/media?parent=79494"}],"wp:term":[{"taxonomy":"product_cat","embeddable":true,"href":"https:\/\/www.theduke.de\/en\/wp-json\/wp\/v2\/product_cat?post=79494"},{"taxonomy":"product_tag","embeddable":true,"href":"https:\/\/www.theduke.de\/en\/wp-json\/wp\/v2\/product_tag?post=79494"}],"curies":[{"name":"wp","href":"https:\/\/api.w.org\/{rel}","templated":true}]}}